{"id":2224,"date":"2025-10-07T17:52:58","date_gmt":"2025-10-07T17:52:58","guid":{"rendered":"https:\/\/psikologcemguner.com\/?page_id=2224"},"modified":"2025-10-25T18:08:10","modified_gmt":"2025-10-25T18:08:10","slug":"elementor-page-2224","status":"publish","type":"page","link":"https:\/\/psikologcemguner.com\/en\/services-2\/elementor-page-2224\/","title":{"rendered":"Gottman Couples Therapy"},"content":{"rendered":"<div data-elementor-type=\"wp-page\" data-elementor-id=\"2224\" class=\"elementor elementor-2224\">\n\t\t\t\t<div class=\"elementor-element elementor-element-0bae615 e-flex e-con-boxed e-con e-parent\" data-id=\"0bae615\" data-element_type=\"container\" data-e-type=\"container\">\n\t\t\t\t\t<div class=\"e-con-inner\">\n\t\t<div class=\"elementor-element elementor-element-5ac0300 e-con-full e-flex e-con e-child\" data-id=\"5ac0300\" data-element_type=\"container\" data-e-type=\"container\">\n\t\t\t\t<div class=\"elementor-element elementor-element-edf1686 elementor-widget elementor-widget-heading\" data-id=\"edf1686\" data-element_type=\"widget\" data-e-type=\"widget\" data-widget_type=\"heading.default\">\n\t\t\t\t<div class=\"elementor-widget-container\">\n\t\t\t\t\t<h2 class=\"elementor-heading-title elementor-size-default\">\u00c7ift Terapisi (Gottman Metodu ile)<\/h2>\t\t\t\t<\/div>\n\t\t\t\t<\/div>\n\t\t\t\t<div class=\"elementor-element elementor-element-1c33e8c elementor-widget elementor-widget-text-editor\" data-id=\"1c33e8c\" data-element_type=\"widget\" data-e-type=\"widget\" data-widget_type=\"text-editor.default\">\n\t\t\t\t<div class=\"elementor-widget-container\">\n\t\t\t\t\t\t\t\t\t<p style=\"font-weight: 400;\">\u0130li\u015fkinizde ya\u015fad\u0131\u011f\u0131n\u0131z ileti\u015fim sorunlar\u0131, tekrarlayan \u00e7at\u0131\u015fmalar, g\u00fcven kayb\u0131 ya da duygusal uzakla\u015fmalar sizi zorlayabilir. <strong>\u00c7ift terapisi<\/strong>, partnerlerin birbirini daha iyi anlamas\u0131na, sa\u011fl\u0131kl\u0131 s\u0131n\u0131rlar kurmas\u0131na ve ili\u015fkilerini birlikte onarmas\u0131na destek olur.<\/p><p style=\"font-weight: 400;\">Gottman Metodu, \u00e7iftlerin ili\u015fkilerindeki g\u00fc\u00e7l\u00fc y\u00f6nleri fark etmesine ve problem alanlar\u0131n\u0131 sa\u011fl\u0131kl\u0131 bir \u015fekilde ele almas\u0131na odaklan\u0131r. Bu yakla\u015f\u0131m, duygusal ba\u011f\u0131n g\u00fc\u00e7lendirilmesini, etkili ileti\u015fim becerilerinin kazan\u0131lmas\u0131n\u0131 ve ortak bir ya\u015fam dili olu\u015fturulmas\u0131n\u0131 hedefler.<\/p><p style=\"font-weight: 400;\">\u00c7ift terapisi s\u00fcrecinde;<\/p><ul style=\"font-weight: 400;\"><li>g\u00fcven sorunlar\u0131,<\/li><li>k\u0131skan\u00e7l\u0131k ve \u00e7at\u0131\u015fmalar,<\/li><li>ileti\u015fim problemleri,<\/li><li>cinsel uyumla ilgili zorluklar<\/li><\/ul><p style=\"font-weight: 400;\">gibi ili\u015fkiyi zorlayan konular tarafs\u0131z bir ortamda ele al\u0131n\u0131r. Terapist, taraf tutmadan ve adil bir \u015fekilde \u00e7iftin ortak bir ileti\u015fim zemini olu\u015fturmas\u0131na e\u015flik eder. B\u00f6ylece ili\u015fki daha doyum verici ve sa\u011fl\u0131kl\u0131 bir yap\u0131ya kavu\u015fur.<\/p>\t\t\t\t\t\t\t\t<\/div>\n\t\t\t\t<\/div>\n\t\t\t\t<\/div>\n\t\t\t\t\t<\/div>\n\t\t\t\t<\/div>\n\t\t<div class=\"elementor-element elementor-element-a9dd99f e-flex e-con-boxed e-con e-parent\" data-id=\"a9dd99f\" data-element_type=\"container\" data-e-type=\"container\">\n\t\t\t\t\t<div class=\"e-con-inner\">\n\t\t\t\t<div class=\"elementor-element elementor-element-d5deb41 elementor-widget elementor-widget-heading\" data-id=\"d5deb41\" data-element_type=\"widget\" data-e-type=\"widget\" data-widget_type=\"heading.default\">\n\t\t\t\t<div class=\"elementor-widget-container\">\n\t\t\t\t\t<h2 class=\"elementor-heading-title elementor-size-default\">Gottman \u00c7ift Terapisi Nedir<\/h2>\t\t\t\t<\/div>\n\t\t\t\t<\/div>\n\t\t\t\t<div class=\"elementor-element elementor-element-d9bb8bc elementor-widget elementor-widget-text-editor\" data-id=\"d9bb8bc\" data-element_type=\"widget\" data-e-type=\"widget\" data-widget_type=\"text-editor.default\">\n\t\t\t\t<div class=\"elementor-widget-container\">\n\t\t\t\t\t\t\t\t\t<p style=\"font-weight: 400;\"><strong>Gottman Metodu<\/strong>, Dr. John ve Julie Gottman\u2019\u0131n 40 y\u0131l\u0131 a\u015fk\u0131n bilimsel ara\u015ft\u0131rmalar\u0131na dayanan, d\u00fcnyada en \u00e7ok kullan\u0131lan \u00e7ift terapisi yakla\u015f\u0131mlar\u0131ndan biridir. Bu y\u00f6ntem, \u00e7iftlerin ili\u015fkilerini bilimsel verilere dayal\u0131 olarak de\u011ferlendirmeyi ve g\u00fc\u00e7lendirmeyi ama\u00e7lar.<\/p><p style=\"font-weight: 400;\">Gottman Metodu\u2019nda \u00e7iftlerin;<\/p><ul style=\"font-weight: 400;\"><li>ileti\u015fim becerilerini geli\u015ftirmeleri,<\/li><li>\u00e7at\u0131\u015fmalar\u0131 yap\u0131c\u0131 \u015fekilde \u00e7\u00f6zebilmeleri,<\/li><li>duygusal ba\u011flar\u0131n\u0131 derinle\u015ftirmeleri,<\/li><li>g\u00fcveni yeniden in\u015fa etmeleri<\/li><\/ul><p style=\"font-weight: 400;\">\u00f6ncelikli hedeflerdir. Terapi s\u00fcrecinde hem ili\u015fkinin g\u00fc\u00e7l\u00fc y\u00f6nleri hem de geli\u015ftirilmesi gereken alanlar birlikte ele al\u0131n\u0131r. \u00c7iftler, daha sa\u011fl\u0131kl\u0131 ileti\u015fim kurmay\u0131, birbirlerini daha iyi anlamay\u0131 ve ili\u015fkiyi doyum verici bir \u015fekilde yeniden yap\u0131land\u0131rmay\u0131 \u00f6\u011frenirler.<\/p><p style=\"font-weight: 400;\">Bu yakla\u015f\u0131m, sadece kriz ya\u015fayan de\u011fil; ili\u015fkilerini daha sa\u011flam temeller \u00fczerine kurmak ve ba\u011flar\u0131n\u0131 g\u00fc\u00e7lendirmek isteyen \u00e7iftler i\u00e7in de uygundur.<\/p>\t\t\t\t\t\t\t\t<\/div>\n\t\t\t\t<\/div>\n\t\t\t\t\t<\/div>\n\t\t\t\t<\/div>\n\t\t\t\t<\/div>","protected":false},"excerpt":{"rendered":"<p>\u00c7ift Terapisi (Gottman Metodu ile) \u0130li\u015fkinizde ya\u015fad\u0131\u011f\u0131n\u0131z ileti\u015fim sorunlar\u0131, tekrarlayan \u00e7at\u0131\u015fmalar, g\u00fcven kayb\u0131 ya da duygusal uzakla\u015fmalar sizi zorlayabilir. \u00c7ift terapisi, partnerlerin birbirini daha iyi anlamas\u0131na, sa\u011fl\u0131kl\u0131 s\u0131n\u0131rlar kurmas\u0131na ve ili\u015fkilerini birlikte onarmas\u0131na destek olur. Gottman Metodu, \u00e7iftlerin ili\u015fkilerindeki g\u00fc\u00e7l\u00fc y\u00f6nleri fark etmesine ve problem alanlar\u0131n\u0131 sa\u011fl\u0131kl\u0131 bir \u015fekilde ele almas\u0131na odaklan\u0131r. Bu yakla\u015f\u0131m, duygusal [&hellip;]<\/p>\n","protected":false},"author":1,"featured_media":2240,"parent":1682,"menu_order":0,"comment_status":"closed","ping_status":"closed","template":"elementor_theme","meta":{"_coblocks_attr":"","_coblocks_dimensions":"","_coblocks_responsive_height":"","_coblocks_accordion_ie_support":"","site-sidebar-layout":"no-sidebar","site-content-layout":"page-builder","ast-site-content-layout":"full-width-container","site-content-style":"default","site-sidebar-style":"default","ast-global-header-display":"","ast-banner-title-visibility":"","ast-main-header-display":"","ast-hfb-above-header-display":"","ast-hfb-below-header-display":"","ast-hfb-mobile-header-display":"","site-post-title":"","ast-breadcrumbs-content":"","ast-featured-img":"disabled","footer-sml-layout":"","ast-disable-related-posts":"","theme-transparent-header-meta":"","adv-header-id-meta":"","stick-header-meta":"","header-above-stick-meta":"","header-main-stick-meta":"","header-below-stick-meta":"","astra-migrate-meta-layouts":"default","ast-page-background-enabled":"default","ast-page-background-meta":{"desktop":{"background-color":"var(--ast-global-color-4)","background-image":"","background-repeat":"repeat","background-position":"center center","background-size":"auto","background-attachment":"scroll","background-type":"","background-media":"","overlay-type":"","overlay-color":"","overlay-opacity":"","overlay-gradient":""},"tablet":{"background-color":"","background-image":"","background-repeat":"repeat","background-position":"center center","background-size":"auto","background-attachment":"scroll","background-type":"","background-media":"","overlay-type":"","overlay-color":"","overlay-opacity":"","overlay-gradient":""},"mobile":{"background-color":"","background-image":"","background-repeat":"repeat","background-position":"center center","background-size":"auto","background-attachment":"scroll","background-type":"","background-media":"","overlay-type":"","overlay-color":"","overlay-opacity":"","overlay-gradient":""}},"ast-content-background-meta":{"desktop":{"background-color":"var(--ast-global-color-5)","background-image":"","background-repeat":"repeat","background-position":"center center","background-size":"auto","background-attachment":"scroll","background-type":"","background-media":"","overlay-type":"","overlay-color":"","overlay-opacity":"","overlay-gradient":""},"tablet":{"background-color":"var(--ast-global-color-5)","background-image":"","background-repeat":"repeat","background-position":"center center","background-size":"auto","background-attachment":"scroll","background-type":"","background-media":"","overlay-type":"","overlay-color":"","overlay-opacity":"","overlay-gradient":""},"mobile":{"background-color":"var(--ast-global-color-5)","background-image":"","background-repeat":"repeat","background-position":"center center","background-size":"auto","background-attachment":"scroll","background-type":"","background-media":"","overlay-type":"","overlay-color":"","overlay-opacity":"","overlay-gradient":""}},"footnotes":""},"class_list":["post-2224","page","type-page","status-publish","has-post-thumbnail","hentry"],"_links":{"self":[{"href":"https:\/\/psikologcemguner.com\/en\/wp-json\/wp\/v2\/pages\/2224","targetHints":{"allow":["GET"]}}],"collection":[{"href":"https:\/\/psikologcemguner.com\/en\/wp-json\/wp\/v2\/pages"}],"about":[{"href":"https:\/\/psikologcemguner.com\/en\/wp-json\/wp\/v2\/types\/page"}],"author":[{"embeddable":true,"href":"https:\/\/psikologcemguner.com\/en\/wp-json\/wp\/v2\/users\/1"}],"replies":[{"embeddable":true,"href":"https:\/\/psikologcemguner.com\/en\/wp-json\/wp\/v2\/comments?post=2224"}],"version-history":[{"count":22,"href":"https:\/\/psikologcemguner.com\/en\/wp-json\/wp\/v2\/pages\/2224\/revisions"}],"predecessor-version":[{"id":2439,"href":"https:\/\/psikologcemguner.com\/en\/wp-json\/wp\/v2\/pages\/2224\/revisions\/2439"}],"up":[{"embeddable":true,"href":"https:\/\/psikologcemguner.com\/en\/wp-json\/wp\/v2\/pages\/1682"}],"wp:featuredmedia":[{"embeddable":true,"href":"https:\/\/psikologcemguner.com\/en\/wp-json\/wp\/v2\/media\/2240"}],"wp:attachment":[{"href":"https:\/\/psikologcemguner.com\/en\/wp-json\/wp\/v2\/media?parent=2224"}],"curies":[{"name":"wp","href":"https:\/\/api.w.org\/{rel}","templated":true}]}}