{"id":2279,"date":"2025-10-19T12:34:25","date_gmt":"2025-10-19T12:34:25","guid":{"rendered":"https:\/\/psikologcemguner.com\/?page_id=2279"},"modified":"2025-10-19T12:45:32","modified_gmt":"2025-10-19T12:45:32","slug":"gizlilik-politikasi","status":"publish","type":"page","link":"https:\/\/psikologcemguner.com\/en\/gizlilik-politikasi\/","title":{"rendered":"Privacy Policy"},"content":{"rendered":"<div data-elementor-type=\"wp-page\" data-elementor-id=\"2279\" class=\"elementor elementor-2279\">\n\t\t\t\t<div class=\"elementor-element elementor-element-672a395 e-flex e-con-boxed e-con e-parent\" data-id=\"672a395\" data-element_type=\"container\" data-e-type=\"container\">\n\t\t\t\t\t<div class=\"e-con-inner\">\n\t\t\t\t<div class=\"elementor-element elementor-element-149446fa elementor-widget elementor-widget-text-editor\" data-id=\"149446fa\" data-element_type=\"widget\" data-e-type=\"widget\" data-widget_type=\"text-editor.default\">\n\t\t\t\t<div class=\"elementor-widget-container\">\n\t\t\t\t\t\t\t\t\t<h2 class=\"wp-block-heading\">\u00a0<\/h2>\n<p><!-- \/wp:heading --><!-- wp:paragraph --><\/p>\n<p><strong>Psychologist Cem Guner<\/strong>,\u00a0<a href=\"https:\/\/psikologcemguner.com\/en\/\">https:\/\/www.psikologcemguner.com<\/a>\u00a0adresinde yer alan web sitesinde ziyaret\u00e7ilerinin gizlili\u011fini korumay\u0131 taahh\u00fct eder. Bu Gizlilik Politikas\u0131,<\/p>\n<p><!-- \/wp:paragraph --><!-- wp:paragraph --><\/p>\n<p><strong>Psychologist Cem Guner<\/strong>\u00a0taraf\u0131ndan toplanan bilgilerin t\u00fcr\u00fcn\u00fc, bu bilgilerin nas\u0131l kullan\u0131ld\u0131\u011f\u0131n\u0131 ve kullan\u0131c\u0131lar\u0131n haklar\u0131n\u0131 a\u00e7\u0131klamaktad\u0131r.<\/p>\n<p><!-- \/wp:paragraph --><!-- wp:paragraph --><\/p>\n<p>Bu politika yaln\u0131zca \u00e7evrimi\u00e7i faaliyetler i\u00e7in ge\u00e7erlidir ve\u00a0<strong>psikologcemguner.com<\/strong>\u00a0\u00fczerinden payla\u015f\u0131lan veya toplanan bilgiler i\u00e7in uygulan\u0131r. \u00c7evrimd\u0131\u015f\u0131 yollarla veya farkl\u0131 kanallar arac\u0131l\u0131\u011f\u0131yla toplanan veriler bu kapsamda de\u011fildir.<\/p>\n<p><!-- \/wp:paragraph --><!-- wp:separator --><\/p>\n<hr class=\"wp-block-separator has-alpha-channel-opacity\" \/>\n<p><!-- \/wp:separator --><!-- wp:heading {\"level\":3} --><\/p>\n<h3 class=\"wp-block-heading\"><strong>Onay<\/strong><\/h3>\n<p><!-- \/wp:heading --><!-- wp:paragraph --><\/p>\n<p>Web sitemizi kullanarak bu Gizlilik Politikas\u0131n\u0131 kabul etmi\u015f say\u0131l\u0131rs\u0131n\u0131z.<\/p>\n<p><!-- \/wp:paragraph --><!-- wp:separator --><\/p>\n<hr class=\"wp-block-separator has-alpha-channel-opacity\" \/>\n<p><!-- \/wp:separator --><!-- wp:heading {\"level\":3} --><\/p>\n<h3 class=\"wp-block-heading\"><strong>Toplanan Bilgiler<\/strong><\/h3>\n<p><!-- \/wp:heading --><!-- wp:paragraph --><\/p>\n<p>Ki\u015fisel bilgilerinizi ne zaman ve hangi ama\u00e7la payla\u015ft\u0131\u011f\u0131n\u0131z, a\u00e7\u0131k bir \u015fekilde taraf\u0131n\u0131za bildirilir.<\/p>\n<p><!-- \/wp:paragraph --><!-- wp:paragraph --><\/p>\n<p>Bizimle do\u011frudan ileti\u015fime ge\u00e7ti\u011finizde, ad\u0131n\u0131z, e-posta adresiniz, telefon numaran\u0131z ve mesaj i\u00e7eri\u011finiz gibi bilgiler toplanabilir.<\/p>\n<p><!-- \/wp:paragraph --><!-- wp:paragraph --><\/p>\n<p>Bu veriler yaln\u0131zca ileti\u015fime ge\u00e7ebilmemiz ve taleplerinize yan\u0131t verebilmemiz amac\u0131yla kullan\u0131lmaktad\u0131r.<\/p>\n<p><!-- \/wp:paragraph --><!-- wp:separator --><\/p>\n<hr class=\"wp-block-separator has-alpha-channel-opacity\" \/>\n<p><!-- \/wp:separator --><!-- wp:heading {\"level\":3} --><\/p>\n<h3 class=\"wp-block-heading\"><strong>Bilgilerin Kullan\u0131m\u0131<\/strong><\/h3>\n<p><!-- \/wp:heading --><!-- wp:paragraph --><\/p>\n<p>Toplanan veriler a\u015fa\u011f\u0131daki ama\u00e7larla kullan\u0131labilir:<\/p>\n<p><!-- \/wp:paragraph --><!-- wp:list --><\/p>\n<ul class=\"wp-block-list\">\n<li style=\"list-style-type: none;\">\n<ul class=\"wp-block-list\"><!-- wp:list-item --><\/ul>\n<\/li>\n<\/ul>\n<p>\u00a0<\/p>\n<ul class=\"wp-block-list\">\n<li style=\"list-style-type: none;\">\n<ul class=\"wp-block-list\">\n<li>Web sitemizi i\u015fletmek, s\u00fcrd\u00fcrmek ve geli\u015ftirmek,<\/li>\n<\/ul>\n<\/li>\n<\/ul>\n<p><!-- \/wp:list-item --><!-- wp:list-item --><\/p>\n<ul class=\"wp-block-list\">\n<li style=\"list-style-type: none;\">\n<ul class=\"wp-block-list\">\n<li>Ziyaret\u00e7i deneyimini ki\u015fiselle\u015ftirmek,<\/li>\n<\/ul>\n<\/li>\n<\/ul>\n<p><!-- \/wp:list-item --><!-- wp:list-item --><\/p>\n<ul class=\"wp-block-list\">\n<li style=\"list-style-type: none;\">\n<ul class=\"wp-block-list\">\n<li>Geri bildirimleri de\u011ferlendirmek ve size yan\u0131t verebilmek,<\/li>\n<\/ul>\n<\/li>\n<\/ul>\n<p><!-- \/wp:list-item --><!-- wp:list-item --><\/p>\n<ul class=\"wp-block-list\">\n<li style=\"list-style-type: none;\">\n<ul class=\"wp-block-list\">\n<li>Size bilgi, duyuru veya hat\u0131rlatma i\u00e7eren e-postalar g\u00f6ndermek (talebiniz do\u011frultusunda),<\/li>\n<\/ul>\n<\/li>\n<\/ul>\n<p><!-- \/wp:list-item --><!-- wp:list-item --><\/p>\n<ul class=\"wp-block-list\">\n<li style=\"list-style-type: none;\">\n<ul class=\"wp-block-list\">\n<li>G\u00fcvenli\u011fi sa\u011flamak ve k\u00f6t\u00fcye kullan\u0131mlar\u0131 \u00f6nlemek.<\/li>\n<\/ul>\n<\/li>\n<\/ul>\n<p><!-- \/wp:list-item --><\/p>\n<p><!-- \/wp:list --><!-- wp:separator --><\/p>\n<hr class=\"wp-block-separator has-alpha-channel-opacity\" \/>\n<p><!-- \/wp:separator --><!-- wp:heading {\"level\":3} --><\/p>\n<h3 class=\"wp-block-heading\"><strong>Kay\u0131t Dosyalar\u0131<\/strong><\/h3>\n<p><!-- \/wp:heading --><!-- wp:paragraph --><\/p>\n<p><strong>psikologcemguner.com<\/strong>, ziyaret\u00e7ilerin site kullan\u0131m\u0131yla ilgili genel bilgileri anonim \u015fekilde kaydedebilir. Bu bilgiler; IP adresi, taray\u0131c\u0131 t\u00fcr\u00fc, ziyaret tarihi ve benzeri teknik verilerden olu\u015fur. Bu veriler yaln\u0131zca istatistiksel analiz ve site performans\u0131n\u0131 iyile\u015ftirmek amac\u0131yla kullan\u0131l\u0131r.<\/p>\n<p><!-- \/wp:paragraph --><!-- wp:separator --><\/p>\n<hr class=\"wp-block-separator has-alpha-channel-opacity\" \/>\n<p><!-- \/wp:separator --><!-- wp:heading {\"level\":3} --><\/p>\n<h3 class=\"wp-block-heading\"><strong>\u00c7erezler (Cookies)<\/strong><\/h3>\n<p><!-- \/wp:heading --><!-- wp:paragraph --><\/p>\n<p>Web sitemizde kullan\u0131c\u0131 deneyimini geli\u015ftirmek amac\u0131yla \u00e7erezler kullan\u0131labilir. \u00c7erezler, taray\u0131c\u0131n\u0131zda ge\u00e7ici olarak saklanan k\u00fc\u00e7\u00fck dosyalard\u0131r ve tercihlerinizi hat\u0131rlamam\u0131za yard\u0131mc\u0131 olur.<\/p>\n<p><!-- \/wp:paragraph --><!-- wp:paragraph --><\/p>\n<p>Dilerseniz taray\u0131c\u0131n\u0131z\u0131n ayarlar\u0131ndan \u00e7erezleri devre d\u0131\u015f\u0131 b\u0131rakabilirsiniz.<\/p>\n<p><!-- \/wp:paragraph --><!-- wp:separator --><\/p>\n<hr class=\"wp-block-separator has-alpha-channel-opacity\" \/>\n<p><!-- \/wp:separator --><!-- wp:heading {\"level\":3} --><\/p>\n<h3 class=\"wp-block-heading\"><strong>\u00c7ocuklar\u0131n Gizlili\u011fi<\/strong><\/h3>\n<p><!-- \/wp:heading --><!-- wp:paragraph --><\/p>\n<p>Bu web sitesi, 18 ya\u015f\u0131n alt\u0131ndaki \u00e7ocuklardan bilerek ki\u015fisel bilgi toplamaz. E\u011fer bir \u00e7ocu\u011fun yanl\u0131\u015fl\u0131kla bilgi payla\u015ft\u0131\u011f\u0131n\u0131 d\u00fc\u015f\u00fcn\u00fcyorsan\u0131z, l\u00fctfen bizimle ileti\u015fime ge\u00e7in; ilgili veriler derhal silinecektir.<\/p>\n<p><!-- \/wp:paragraph --><!-- wp:separator --><\/p>\n<hr class=\"wp-block-separator has-alpha-channel-opacity\" \/>\n<p><!-- \/wp:separator --><!-- wp:heading {\"level\":3} --><\/p>\n<h3 class=\"wp-block-heading\"><strong>Contact<\/strong><\/h3>\n<p><!-- \/wp:heading --><!-- wp:paragraph --><\/p>\n<p>Bu Gizlilik Politikas\u0131 veya ki\u015fisel verilerinizin kullan\u0131m\u0131yla ilgili sorular\u0131n\u0131z i\u00e7in bizimle ileti\u015fime ge\u00e7ebilirsiniz.<\/p>\n<p><a href=\"mailto:psikologcemguner@gmail.com\">psikologcemguner@gmail.com<\/a><\/p>\n<p>\u00a0<\/p>\n<p>\u00a0<\/p>\n<p><!-- \/wp:paragraph --><!-- wp:paragraph --><\/p>\n<p><!-- \/wp:paragraph --><!-- wp:paragraph --><\/p>\n<p><!-- \/wp:paragraph --><\/p>\t\t\t\t\t\t\t\t<\/div>\n\t\t\t\t<\/div>\n\t\t\t\t\t<\/div>\n\t\t\t\t<\/div>\n\t\t\t\t<\/div>","protected":false},"excerpt":{"rendered":"<p>\u00a0 Psikolog Cem G\u00fcner,\u00a0https:\/\/www.psikologcemguner.com\u00a0adresinde yer alan web sitesinde ziyaret\u00e7ilerinin gizlili\u011fini korumay\u0131 taahh\u00fct eder. Bu Gizlilik Politikas\u0131, Psikolog Cem G\u00fcner\u00a0taraf\u0131ndan toplanan bilgilerin t\u00fcr\u00fcn\u00fc, bu bilgilerin nas\u0131l kullan\u0131ld\u0131\u011f\u0131n\u0131 ve kullan\u0131c\u0131lar\u0131n haklar\u0131n\u0131 a\u00e7\u0131klamaktad\u0131r. Bu politika yaln\u0131zca \u00e7evrimi\u00e7i faaliyetler i\u00e7in ge\u00e7erlidir ve\u00a0psikologcemguner.com\u00a0\u00fczerinden payla\u015f\u0131lan veya toplanan bilgiler i\u00e7in uygulan\u0131r. \u00c7evrimd\u0131\u015f\u0131 yollarla veya farkl\u0131 kanallar arac\u0131l\u0131\u011f\u0131yla toplanan veriler bu kapsamda de\u011fildir. [&hellip;]<\/p>\n","protected":false},"author":1,"featured_media":0,"parent":0,"menu_order":0,"comment_status":"closed","ping_status":"closed","template":"","meta":{"_coblocks_attr":"","_coblocks_dimensions":"","_coblocks_responsive_height":"","_coblocks_accordion_ie_support":"","site-sidebar-layout":"default","site-content-layout":"","ast-site-content-layout":"default","site-content-style":"default","site-sidebar-style":"default","ast-global-header-display":"","ast-banner-title-visibility":"","ast-main-header-display":"","ast-hfb-above-header-display":"","ast-hfb-below-header-display":"","ast-hfb-mobile-header-display":"","site-post-title":"","ast-breadcrumbs-content":"","ast-featured-img":"","footer-sml-layout":"","ast-disable-related-posts":"","theme-transparent-header-meta":"","adv-header-id-meta":"","stick-header-meta":"","header-above-stick-meta":"","header-main-stick-meta":"","header-below-stick-meta":"","astra-migrate-meta-layouts":"set","ast-page-background-enabled":"default","ast-page-background-meta":{"desktop":{"background-color":"var(--ast-global-color-4)","background-image":"","background-repeat":"repeat","background-position":"center center","background-size":"auto","background-attachment":"scroll","background-type":"","background-media":"","overlay-type":"","overlay-color":"","overlay-opacity":"","overlay-gradient":""},"tablet":{"background-color":"","background-image":"","background-repeat":"repeat","background-position":"center center","background-size":"auto","background-attachment":"scroll","background-type":"","background-media":"","overlay-type":"","overlay-color":"","overlay-opacity":"","overlay-gradient":""},"mobile":{"background-color":"","background-image":"","background-repeat":"repeat","background-position":"center center","background-size":"auto","background-attachment":"scroll","background-type":"","background-media":"","overlay-type":"","overlay-color":"","overlay-opacity":"","overlay-gradient":""}},"ast-content-background-meta":{"desktop":{"background-color":"var(--ast-global-color-5)","background-image":"","background-repeat":"repeat","background-position":"center center","background-size":"auto","background-attachment":"scroll","background-type":"","background-media":"","overlay-type":"","overlay-color":"","overlay-opacity":"","overlay-gradient":""},"tablet":{"background-color":"var(--ast-global-color-5)","background-image":"","background-repeat":"repeat","background-position":"center center","background-size":"auto","background-attachment":"scroll","background-type":"","background-media":"","overlay-type":"","overlay-color":"","overlay-opacity":"","overlay-gradient":""},"mobile":{"background-color":"var(--ast-global-color-5)","background-image":"","background-repeat":"repeat","background-position":"center center","background-size":"auto","background-attachment":"scroll","background-type":"","background-media":"","overlay-type":"","overlay-color":"","overlay-opacity":"","overlay-gradient":""}},"footnotes":""},"class_list":["post-2279","page","type-page","status-publish","hentry"],"_links":{"self":[{"href":"https:\/\/psikologcemguner.com\/en\/wp-json\/wp\/v2\/pages\/2279","targetHints":{"allow":["GET"]}}],"collection":[{"href":"https:\/\/psikologcemguner.com\/en\/wp-json\/wp\/v2\/pages"}],"about":[{"href":"https:\/\/psikologcemguner.com\/en\/wp-json\/wp\/v2\/types\/page"}],"author":[{"embeddable":true,"href":"https:\/\/psikologcemguner.com\/en\/wp-json\/wp\/v2\/users\/1"}],"replies":[{"embeddable":true,"href":"https:\/\/psikologcemguner.com\/en\/wp-json\/wp\/v2\/comments?post=2279"}],"version-history":[{"count":4,"href":"https:\/\/psikologcemguner.com\/en\/wp-json\/wp\/v2\/pages\/2279\/revisions"}],"predecessor-version":[{"id":2285,"href":"https:\/\/psikologcemguner.com\/en\/wp-json\/wp\/v2\/pages\/2279\/revisions\/2285"}],"wp:attachment":[{"href":"https:\/\/psikologcemguner.com\/en\/wp-json\/wp\/v2\/media?parent=2279"}],"curies":[{"name":"wp","href":"https:\/\/api.w.org\/{rel}","templated":true}]}}